{"id":5146,"date":"2022-09-20T10:23:46","date_gmt":"2022-09-20T08:23:46","guid":{"rendered":"https:\/\/ublikgreen.pl\/?page_id=5146"},"modified":"2026-03-30T13:09:45","modified_gmt":"2026-03-30T11:09:45","slug":"restaurants","status":"publish","type":"page","link":"https:\/\/ublikgreen.pl\/en\/restaurants\/","title":{"rendered":"Restaurants"},"content":{"rendered":"\n<div class=\"wp-block-columns is-layout-flex wp-container-core-columns-is-layout-9d6595d7 wp-block-columns-is-layout-flex\">\n<div class=\"wp-block-column is-vertically-aligned-center is-layout-flow wp-block-column-is-layout-flow\">\n<h4 class=\"wp-block-heading\"><strong>We only recommend restaurants that we know and often visit ourselves.<\/strong><\/h4>\n\n\n\n<p>Our favorite places are:<\/p>\n\n\n\n<ul class=\"wp-block-list\">\n<li>Stara Ku\u017ania, Przykop, ok. 9 km (seasonal)<\/li>\n\n\n\n<li>Barka, Pra\u017cmowo (seasonal), ok. 19 km<\/li>\n\n\n\n<li>Gospodarstwo Rybackie \u015aniardwy &#8211; Sma\u017calnia Ewa, Okartowo, ok. 8 km (seasonal)<\/li>\n\n\n\n<li>Stary M\u0142yn, Upa\u0142ty, ok 19 km, (year-round)<\/li>\n\n\n\n<li>Gospoda Pod Czarnym \u0141ab\u0119dziem, Rydzewo, ok. 16 km (year-round)<\/li>\n\n\n\n<li>Prato Do Dia portugalski food track, Rydzewo, ok. 16 km (seasonal)<\/li>\n\n\n\n<li>Spichlerz u Tolka, polsko-ukrainska, Rydzewo, ok. 16 km (seasonal)<\/li>\n\n\n\n<li>T\u0142o Dla Mew, Rydzewo, ok. 16 km (seasonal)<\/li>\n\n\n\n<li>Port-o-Wino, Rydzewo, ok. 16 km (seasonal)<\/li>\n\n\n\n<li>Rybacz\u00f3wka, Bogaczewo, ok. 23 km (year-round)<\/li>\n\n\n\n<li>S\u0142owicz\u00f3wka, Ukta, ok 39 km (year-round)<\/li>\n\n\n\n<li>Ober\u017ca Pod Psem, Kadzid\u0142owo, ok. 37 km(year-round)<\/li>\n\n\n\n<li>Ga\u0142kowo Potocki, Ga\u0142kowo, ok 42 km (year-round)<\/li>\n\n\n\n<li>Toscana, Orzysz, ok. 10 km (year-round)<\/li>\n<\/ul>\n<\/div>\n<\/div>\n\n\n\n<div class=\"wp-block-group has-background\" style=\"background-color:#4444440f\"><div class=\"wp-block-group__inner-container is-layout-flow wp-block-group-is-layout-flow\">\n<div class=\"wp-block-media-text is-stacked-on-mobile\"><figure class=\"wp-block-media-text__media\"><img loading=\"lazy\" decoding=\"async\" width=\"768\" height=\"1024\" src=\"https:\/\/ublikgreen.pl\/content\/files\/uploads\/2024\/06\/stara-kuz7-768x1024.jpg\" alt=\"\" class=\"wp-image-1688 size-full\" srcset=\"https:\/\/ublikgreen.pl\/content\/files\/uploads\/2024\/06\/stara-kuz7-768x1024.jpg 768w, https:\/\/ublikgreen.pl\/content\/files\/uploads\/2024\/06\/stara-kuz7-225x300.jpg 225w, https:\/\/ublikgreen.pl\/content\/files\/uploads\/2024\/06\/stara-kuz7-1152x1536.jpg 1152w, https:\/\/ublikgreen.pl\/content\/files\/uploads\/2024\/06\/stara-kuz7-1536x2048.jpg 1536w, https:\/\/ublikgreen.pl\/content\/files\/uploads\/2024\/06\/stara-kuz7-scaled.jpg 810w\" sizes=\"auto, (max-width: 768px) 100vw, 768px\" \/><\/figure><div class=\"wp-block-media-text__content\">\n<h4 class=\"wp-block-heading\">Stara Ku\u017ania <\/h4>\n\n\n\n<p>It took first place in Warmia and Mazury in the Gault &amp; Millau guide (The Yellow Guide). The only restaurant in the region to receive 13 points\u2014that is, 2 hats! Stara Ku\u017ania offers more than just culinary delights. It features the unique atmosphere of an old barn, a fire pit for grilling, and beautiful, idyllic surroundings. You can dine indoors or outdoors. We recommend making a reservation in advance.<\/p>\n<\/div><\/div>\n<\/div><\/div>\n\n\n\n<hr class=\"wp-block-separator has-alpha-channel-opacity\"\/>\n\n\n\n<div class=\"wp-block-media-text alignwide has-media-on-the-right is-stacked-on-mobile is-vertically-aligned-center\"><div class=\"wp-block-media-text__content\">\n<h4 class=\"wp-block-heading\"><strong>Gospoda Pod Czarnym \u0141ab\u0119dziem<\/strong>&nbsp;<\/h4>\n\n\n\n<p>Right on the lake. A member of the Warmia, Mazury, and Powi\u015ble Culinary Heritage network. Featured in the 2019 Gault&amp;Millau Guide. It combines the functions of a restaurant and a museum, where, by the light of candles and kerosene lamps, amidst old equipment, fishing nets, and reeds,\u00a0The atmosphere of an old Prussian inn from over 100 years ago. Regional cuisine, specialties of Polish, Prussian, and Lithuanian cuisine. Traditional, atmospheric, delicious, and right on the lake shore. When the weather is nice, you can dine on the pier with a view of the quaint harbor.<\/p>\n<\/div><figure class=\"wp-block-media-text__media\"><img loading=\"lazy\" decoding=\"async\" width=\"768\" height=\"1024\" src=\"https:\/\/ublikgreen.pl\/content\/files\/uploads\/2024\/06\/labedz-768x1024.jpg\" alt=\"\" class=\"wp-image-1693 size-full\" srcset=\"https:\/\/ublikgreen.pl\/content\/files\/uploads\/2024\/06\/labedz-768x1024.jpg 768w, https:\/\/ublikgreen.pl\/content\/files\/uploads\/2024\/06\/labedz-225x300.jpg 225w, https:\/\/ublikgreen.pl\/content\/files\/uploads\/2024\/06\/labedz-1152x1536.jpg 1152w, https:\/\/ublikgreen.pl\/content\/files\/uploads\/2024\/06\/labedz-1536x2048.jpg 1536w, https:\/\/ublikgreen.pl\/content\/files\/uploads\/2024\/06\/labedz-scaled.jpg 810w\" sizes=\"auto, (max-width: 768px) 100vw, 768px\" \/><\/figure><\/div>\n\n\n\n<div class=\"wp-block-group has-background\" style=\"background-color:#4444440f\"><div class=\"wp-block-group__inner-container is-layout-flow wp-block-group-is-layout-flow\">\n<div class=\"wp-block-media-text is-stacked-on-mobile\"><figure class=\"wp-block-media-text__media\"><img loading=\"lazy\" decoding=\"async\" width=\"768\" height=\"1024\" src=\"https:\/\/ublikgreen.pl\/content\/files\/uploads\/2024\/06\/barka-768x1024.jpg\" alt=\"\" class=\"wp-image-1678 size-full\" srcset=\"https:\/\/ublikgreen.pl\/content\/files\/uploads\/2024\/06\/barka-768x1024.jpg 768w, https:\/\/ublikgreen.pl\/content\/files\/uploads\/2024\/06\/barka-225x300.jpg 225w, https:\/\/ublikgreen.pl\/content\/files\/uploads\/2024\/06\/barka-1152x1536.jpg 1152w, https:\/\/ublikgreen.pl\/content\/files\/uploads\/2024\/06\/barka-1536x2048.jpg 1536w, https:\/\/ublikgreen.pl\/content\/files\/uploads\/2024\/06\/barka-scaled.jpg 810w\" sizes=\"auto, (max-width: 768px) 100vw, 768px\" \/><\/figure><div class=\"wp-block-media-text__content\">\n<h4 class=\"wp-block-heading\">Barka<\/h4>\n\n\n\n<p>What a place! It\u2019s also been featured in the Gault &amp; Millau guide. The atmosphere on this old barge floating on the water is truly unique! From their website: \u201cTravel and our roots are our main sources of inspiration. Our menu is a blend of Polish, Mediterranean, and Asian cuisines.<br>Because of our location, we\u2019re a pretty laid-back spot, often called \u2018Sto\u00f3wka.\u2019 We want you to catch our love for local and seasonal ingredients.<\/p>\n\n\n\n<p><\/p>\n<\/div><\/div>\n<\/div><\/div>\n\n\n\n<hr class=\"wp-block-separator has-alpha-channel-opacity\"\/>\n\n\n\n<div class=\"wp-block-media-text alignwide has-media-on-the-right is-stacked-on-mobile\"><div class=\"wp-block-media-text__content\">\n<h4 class=\"wp-block-heading\"><strong>Rybacz\u00f3wka<\/strong>&nbsp;<\/h4>\n\n\n\n<p>On the lakefront. You can sit on the terrace overlooking the sailboats or right by the water. At Rybacz\u00f3wka, everything revolves around fish served in many ways\u2014baked, fried, smoked, marinated\u2014with no frozen products, additives, or preservatives, purchased from local fishermen every morning. The highlight is whole fish baked in the oven\u2014zander, sturgeon, perch, and trout.<\/p>\n<\/div><figure class=\"wp-block-media-text__media\"><img loading=\"lazy\" decoding=\"async\" width=\"768\" height=\"1024\" src=\"https:\/\/ublikgreen.pl\/content\/files\/uploads\/2024\/06\/rybacz-768x1024.jpg\" alt=\"\" class=\"wp-image-1686 size-full\" srcset=\"https:\/\/ublikgreen.pl\/content\/files\/uploads\/2024\/06\/rybacz-768x1024.jpg 768w, https:\/\/ublikgreen.pl\/content\/files\/uploads\/2024\/06\/rybacz-225x300.jpg 225w, https:\/\/ublikgreen.pl\/content\/files\/uploads\/2024\/06\/rybacz-1152x1536.jpg 1152w, https:\/\/ublikgreen.pl\/content\/files\/uploads\/2024\/06\/rybacz-1536x2048.jpg 1536w, https:\/\/ublikgreen.pl\/content\/files\/uploads\/2024\/06\/rybacz-scaled.jpg 810w\" sizes=\"auto, (max-width: 768px) 100vw, 768px\" \/><\/figure><\/div>\n\n\n\n<hr class=\"wp-block-separator has-alpha-channel-opacity\"\/>\n\n\n\n<div class=\"wp-block-group has-background\" style=\"background-color:#4444440f\"><div class=\"wp-block-group__inner-container is-layout-flow wp-block-group-is-layout-flow\">\n<div class=\"wp-block-media-text is-stacked-on-mobile\"><figure class=\"wp-block-media-text__media\"><img loading=\"lazy\" decoding=\"async\" width=\"768\" height=\"1024\" src=\"https:\/\/ublikgreen.pl\/content\/files\/uploads\/2024\/06\/mlyn-768x1024.jpg\" alt=\"\" class=\"wp-image-1677 size-full\" srcset=\"https:\/\/ublikgreen.pl\/content\/files\/uploads\/2024\/06\/mlyn-768x1024.jpg 768w, https:\/\/ublikgreen.pl\/content\/files\/uploads\/2024\/06\/mlyn-225x300.jpg 225w, https:\/\/ublikgreen.pl\/content\/files\/uploads\/2024\/06\/mlyn-1152x1536.jpg 1152w, https:\/\/ublikgreen.pl\/content\/files\/uploads\/2024\/06\/mlyn-1536x2048.jpg 1536w, https:\/\/ublikgreen.pl\/content\/files\/uploads\/2024\/06\/mlyn-scaled.jpg 810w\" sizes=\"auto, (max-width: 768px) 100vw, 768px\" \/><\/figure><div class=\"wp-block-media-text__content\">\n<h4 class=\"wp-block-heading\">Karczma <strong>Stary M\u0142yn<\/strong> <\/h4>\n\n\n\n<p>A charming restaurant in Upa\u0142ty with a view of the lake. Old Polish and Masurian traditional dishes made with ingredients from local farmers. Zander, pork chops, tenderloin, pierogi, regional potato pancakes, and stuffed cabbage rolls. Delicious homemade liqueurs. Consistent, high quality. We visit here often, especially in the off-season.<\/p>\n<\/div><\/div>\n<\/div><\/div>\n\n\n\n<hr class=\"wp-block-separator has-alpha-channel-opacity\"\/>\n\n\n\n<div class=\"wp-block-media-text alignwide has-media-on-the-right is-stacked-on-mobile\"><div class=\"wp-block-media-text__content\">\n<h4 class=\"wp-block-heading\"><strong>S\u0142owicz\u00f3wka<\/strong>&nbsp;<\/h4>\n\n\n\n<p>We love it. Mazury from the kitchen\u2014Mazurian cuisine at its best. Dishes made with local, seasonal ingredients.\u00a0Delicious and home-style. Liver, blood sausage, crispy potato pancakes, duck, tench, lazy dumplings\u2026 and there\u2019s something for vegetarians, too. Everything, without exception, is very tasty. The whole experience is complemented by a cozy, warm interior. We really do come here often. It\u2019s a bit further from Ublik, but while you\u2019re there, you can visit the Wild Animal Park in Kadzid\u0142owo, organize a rafting trip down the Krutynia River (starting right by S\u0142owicz\u00f3wka), or visit the Old Believers\u2019 monastery in Wojnowo. It\u2019s also not far from the famous Ga\u0142k\u00f3w Stud Farm.<\/p>\n<\/div><figure class=\"wp-block-media-text__media\"><img loading=\"lazy\" decoding=\"async\" width=\"1024\" height=\"768\" src=\"https:\/\/ublikgreen.pl\/content\/files\/uploads\/2024\/06\/slowiczowka-1024x768.jpg\" alt=\"\" class=\"wp-image-1674 size-full\" srcset=\"https:\/\/ublikgreen.pl\/content\/files\/uploads\/2024\/06\/slowiczowka-1024x768.jpg 1024w, https:\/\/ublikgreen.pl\/content\/files\/uploads\/2024\/06\/slowiczowka-300x225.jpg 300w, https:\/\/ublikgreen.pl\/content\/files\/uploads\/2024\/06\/slowiczowka-768x576.jpg 768w, https:\/\/ublikgreen.pl\/content\/files\/uploads\/2024\/06\/slowiczowka-1536x1152.jpg 1536w, https:\/\/ublikgreen.pl\/content\/files\/uploads\/2024\/06\/slowiczowka-2048x1536.jpg 2048w, https:\/\/ublikgreen.pl\/content\/files\/uploads\/2024\/06\/slowiczowka-scaled.jpg 1440w\" sizes=\"auto, (max-width: 1024px) 100vw, 1024px\" \/><\/figure><\/div>\n\n\n\n<hr class=\"wp-block-separator has-alpha-channel-opacity is-style-dots\"\/>\n\n\n\n<div class=\"wp-block-group has-background\" style=\"background-color:#4444440f\"><div class=\"wp-block-group__inner-container is-layout-flow wp-block-group-is-layout-flow\">\n<div class=\"wp-block-media-text is-stacked-on-mobile\"><figure class=\"wp-block-media-text__media\"><img loading=\"lazy\" decoding=\"async\" width=\"480\" height=\"640\" src=\"https:\/\/ublikgreen.pl\/content\/files\/uploads\/2024\/06\/prato-rotated.jpg\" alt=\"\" class=\"wp-image-1682 size-full\" srcset=\"https:\/\/ublikgreen.pl\/content\/files\/uploads\/2024\/06\/prato-rotated.jpg 480w, https:\/\/ublikgreen.pl\/content\/files\/uploads\/2024\/06\/prato-225x300.jpg 225w\" sizes=\"auto, (max-width: 480px) 100vw, 480px\" \/><\/figure><div class=\"wp-block-media-text__content\">\n<h4 class=\"wp-block-heading\">Prato Do Dia<\/h4>\n\n\n\n<p>A Portuguese food truck in Masuria. What a combination! A fusion of the Masurian atmosphere with authentic Portuguese cuisine. The food is prepared by a native Portuguese chef. On the menu: bifana, octopus \u00e0 la gereiro, seafood tapas\u2026 and wonderfully delicious, traditional pastel de nata for dessert.<\/p>\n<\/div><\/div>\n<\/div><\/div>\n\n\n\n<hr class=\"wp-block-separator has-alpha-channel-opacity\"\/>\n\n\n\n<div class=\"wp-block-media-text alignwide has-media-on-the-right is-stacked-on-mobile\"><div class=\"wp-block-media-text__content\">\n<h4 class=\"wp-block-heading\">Ober\u017ca Pod Psem<\/h4>\n\n\n\n<p>This place has already become a cult favorite, and it\u2019s also one of our favorites. The inn is housed in a wooden, nearly 100-year-old historic cottage. Even though it\u2019s a bit of a drive, we visit often\u2014for the excellent cuisine and the atmosphere. The restaurant has been awarded a Gault &amp; Millau hat. It ranks second in Masuria\u2014with a score of 12.5 points! Right next door is a small museum run by the owners\u2014a Masurian arcaded cottage\u2014and the Wild Animal Park in Kadzid\u0142owo, which is worth visiting with children. Nearby: rafting on the Krutynia River (Ukta) and the Old Believers\u2019 monastery in Wojn\u00f3w. We recommend making a reservation in advance.<\/p>\n<\/div><figure class=\"wp-block-media-text__media\"><img loading=\"lazy\" decoding=\"async\" width=\"768\" height=\"1024\" src=\"https:\/\/ublikgreen.pl\/content\/files\/uploads\/2024\/06\/oberza1-768x1024.jpg\" alt=\"\" class=\"wp-image-1681 size-full\" srcset=\"https:\/\/ublikgreen.pl\/content\/files\/uploads\/2024\/06\/oberza1-768x1024.jpg 768w, https:\/\/ublikgreen.pl\/content\/files\/uploads\/2024\/06\/oberza1-225x300.jpg 225w, https:\/\/ublikgreen.pl\/content\/files\/uploads\/2024\/06\/oberza1-1152x1536.jpg 1152w, https:\/\/ublikgreen.pl\/content\/files\/uploads\/2024\/06\/oberza1-1536x2048.jpg 1536w, https:\/\/ublikgreen.pl\/content\/files\/uploads\/2024\/06\/oberza1-scaled.jpg 810w\" sizes=\"auto, (max-width: 768px) 100vw, 768px\" \/><\/figure><\/div>\n\n\n\n<hr class=\"wp-block-separator has-alpha-channel-opacity\"\/>\n\n\n\n<div class=\"wp-block-group has-background\" style=\"background-color:#4444440f\"><div class=\"wp-block-group__inner-container is-layout-flow wp-block-group-is-layout-flow\">\n<div class=\"wp-block-media-text is-stacked-on-mobile\"><figure class=\"wp-block-media-text__media\"><img loading=\"lazy\" decoding=\"async\" width=\"768\" height=\"1024\" src=\"https:\/\/ublikgreen.pl\/content\/files\/uploads\/2024\/07\/smazalnia-ewa-768x1024.jpg\" alt=\"\" class=\"wp-image-1706 size-full\" srcset=\"https:\/\/ublikgreen.pl\/content\/files\/uploads\/2024\/07\/smazalnia-ewa-768x1024.jpg 768w, https:\/\/ublikgreen.pl\/content\/files\/uploads\/2024\/07\/smazalnia-ewa-225x300.jpg 225w, https:\/\/ublikgreen.pl\/content\/files\/uploads\/2024\/07\/smazalnia-ewa-1152x1536.jpg 1152w, https:\/\/ublikgreen.pl\/content\/files\/uploads\/2024\/07\/smazalnia-ewa-1536x2048.jpg 1536w, https:\/\/ublikgreen.pl\/content\/files\/uploads\/2024\/07\/smazalnia-ewa-scaled.jpg 810w\" sizes=\"auto, (max-width: 768px) 100vw, 768px\" \/><\/figure><div class=\"wp-block-media-text__content\">\n<h4 class=\"wp-block-heading\">Gospodarstwo Rybackie &#8220;\u015aniardwy&#8221;, Sma\u017calnia Ryb Ewa<\/h4>\n\n\n\n<p>Fresh fried fish, Fish &amp; Chips style, straight from the nearby fish farm (pictured).<\/p>\n\n\n\n<p>Orders with assigned numbers are read out over the microphone. It\u2019s got that old-school, vacation vibe \ud83d\ude42<\/p>\n<\/div><\/div>\n<\/div><\/div>\n\n\n\n<hr class=\"wp-block-separator has-alpha-channel-opacity\"\/>\n\n\n\n<div class=\"wp-block-media-text alignwide has-media-on-the-right is-stacked-on-mobile\"><div class=\"wp-block-media-text__content\">\n<h4 class=\"wp-block-heading\">Porto-o-Wino&nbsp;<\/h4>\n\n\n\n<p>A marina, restaurant, and wine bar. It\u2019s worth stopping by at sunset\u2014a totally relaxing atmosphere with a view of the yacht marina on Lake Niegocin. There\u2019s a wide selection of drinks and wines, but you can definitely grab a bite to eat as well\u2014Italian dishes, sushi, and a kids\u2019 menu.<\/p>\n<\/div><figure class=\"wp-block-media-text__media\"><img loading=\"lazy\" decoding=\"async\" width=\"768\" height=\"1024\" src=\"https:\/\/ublikgreen.pl\/content\/files\/uploads\/2024\/06\/portwino2-768x1024.jpg\" alt=\"\" class=\"wp-image-1698 size-full\" srcset=\"https:\/\/ublikgreen.pl\/content\/files\/uploads\/2024\/06\/portwino2-768x1024.jpg 768w, https:\/\/ublikgreen.pl\/content\/files\/uploads\/2024\/06\/portwino2-225x300.jpg 225w, https:\/\/ublikgreen.pl\/content\/files\/uploads\/2024\/06\/portwino2-1152x1536.jpg 1152w, https:\/\/ublikgreen.pl\/content\/files\/uploads\/2024\/06\/portwino2-1536x2048.jpg 1536w, https:\/\/ublikgreen.pl\/content\/files\/uploads\/2024\/06\/portwino2-scaled.jpg 810w\" sizes=\"auto, (max-width: 768px) 100vw, 768px\" \/><\/figure><\/div>\n\n\n\n<hr class=\"wp-block-separator has-alpha-channel-opacity\"\/>\n\n\n\n<div class=\"wp-block-group has-background\" style=\"background-color:#4444440f\"><div class=\"wp-block-group__inner-container is-layout-flow wp-block-group-is-layout-flow\">\n<div class=\"wp-block-media-text is-stacked-on-mobile\"><figure class=\"wp-block-media-text__media\"><img loading=\"lazy\" decoding=\"async\" width=\"768\" height=\"1024\" src=\"https:\/\/ublikgreen.pl\/content\/files\/uploads\/2024\/06\/tlo-768x1024.jpg\" alt=\"\" class=\"wp-image-1692 size-full\" srcset=\"https:\/\/ublikgreen.pl\/content\/files\/uploads\/2024\/06\/tlo-768x1024.jpg 768w, https:\/\/ublikgreen.pl\/content\/files\/uploads\/2024\/06\/tlo-225x300.jpg 225w, https:\/\/ublikgreen.pl\/content\/files\/uploads\/2024\/06\/tlo-1152x1536.jpg 1152w, https:\/\/ublikgreen.pl\/content\/files\/uploads\/2024\/06\/tlo-1536x2048.jpg 1536w, https:\/\/ublikgreen.pl\/content\/files\/uploads\/2024\/06\/tlo-scaled.jpg 810w\" sizes=\"auto, (max-width: 768px) 100vw, 768px\" \/><\/figure><div class=\"wp-block-media-text__content\">\n<h4 class=\"wp-block-heading\">Port T\u0142o dla Mew<\/h4>\n\n\n\n<p>An open-air tavern with a stunning view of the lake. The menu changes regularly. They serve excellent wood-fired pizza. In addition to the food, there\u2019s always plenty going on at T\u0142o dla Mew\u2014live music, singing, and performances. They call themselves the House of Artists. It\u2019s worth checking out their Facebook page; you can find a cool event, drop by, grab a bite\u2026<\/p>\n\n\n\n<p>Simple, tasty, pleasant, and nautical\u2026<\/p>\n<\/div><\/div>\n<\/div><\/div>\n\n\n\n<div class=\"wp-block-media-text alignwide has-media-on-the-right is-stacked-on-mobile\"><div class=\"wp-block-media-text__content\">\n<h4 class=\"wp-block-heading\">Spichlerz u Tolka<\/h4>\n\n\n\n<p>A Polish-Ukrainian restaurant. Delicious Ukrainian borscht, pelmeni and other dumplings, Odessa-style forshmak, and more. Very tasty. It\u2019s worth a visit.<\/p>\n<\/div><figure class=\"wp-block-media-text__media\"><img loading=\"lazy\" decoding=\"async\" width=\"768\" height=\"1024\" src=\"https:\/\/ublikgreen.pl\/content\/files\/uploads\/2024\/06\/ukrainska-768x1024.jpg\" alt=\"\" class=\"wp-image-1696 size-full\" srcset=\"https:\/\/ublikgreen.pl\/content\/files\/uploads\/2024\/06\/ukrainska-768x1024.jpg 768w, https:\/\/ublikgreen.pl\/content\/files\/uploads\/2024\/06\/ukrainska-225x300.jpg 225w, https:\/\/ublikgreen.pl\/content\/files\/uploads\/2024\/06\/ukrainska-1152x1536.jpg 1152w, https:\/\/ublikgreen.pl\/content\/files\/uploads\/2024\/06\/ukrainska-1536x2048.jpg 1536w, https:\/\/ublikgreen.pl\/content\/files\/uploads\/2024\/06\/ukrainska-scaled.jpg 810w\" sizes=\"auto, (max-width: 768px) 100vw, 768px\" \/><\/figure><\/div>\n","protected":false},"excerpt":{"rendered":"<p>We only recommend restaurants that we know and often visit ourselves. Our favorite places are: Stara Ku\u017ania It took first place in Warmia and Mazury in the Gault &amp; Millau guide (The Yellow Guide). The only restaurant in the region to receive 13 points\u2014that is, 2 hats! Stara Ku\u017ania offers more than just culinary delights. [&hellip;]<\/p>\n","protected":false},"author":1,"featured_media":0,"parent":0,"menu_order":0,"comment_status":"closed","ping_status":"closed","template":"","meta":{"footnotes":""},"class_list":["post-5146","page","type-page","status-publish","hentry"],"_links":{"self":[{"href":"https:\/\/ublikgreen.pl\/en\/wp-json\/wp\/v2\/pages\/5146","targetHints":{"allow":["GET"]}}],"collection":[{"href":"https:\/\/ublikgreen.pl\/en\/wp-json\/wp\/v2\/pages"}],"about":[{"href":"https:\/\/ublikgreen.pl\/en\/wp-json\/wp\/v2\/types\/page"}],"author":[{"embeddable":true,"href":"https:\/\/ublikgreen.pl\/en\/wp-json\/wp\/v2\/users\/1"}],"replies":[{"embeddable":true,"href":"https:\/\/ublikgreen.pl\/en\/wp-json\/wp\/v2\/comments?post=5146"}],"version-history":[{"count":0,"href":"https:\/\/ublikgreen.pl\/en\/wp-json\/wp\/v2\/pages\/5146\/revisions"}],"wp:attachment":[{"href":"https:\/\/ublikgreen.pl\/en\/wp-json\/wp\/v2\/media?parent=5146"}],"curies":[{"name":"wp","href":"https:\/\/api.w.org\/{rel}","templated":true}]}}