{"id":9553,"date":"2022-08-25T13:16:46","date_gmt":"2022-08-25T11:16:46","guid":{"rendered":"https:\/\/ublikgreen.pl\/regulamin-pomostu\/"},"modified":"2026-04-01T16:09:18","modified_gmt":"2026-04-01T14:09:18","slug":"wasseranlegestelle","status":"publish","type":"page","link":"https:\/\/ublikgreen.pl\/de\/wasseranlegestelle\/","title":{"rendered":"Wasseranlegestelle"},"content":{"rendered":"\n<div class=\"wp-block-group is-content-justification-space-between is-nowrap is-layout-flex wp-container-core-group-is-layout-0dfbf163 wp-block-group-is-layout-flex\">\n<figure class=\"wp-block-image\"><img decoding=\"async\" src=\"https:\/\/ublikgreen.pl\/files\/dynamicContent\/sites\/jioucq\/images\/pl\/webpage_6\/kzwe3vk6\/element_691\/1.webp\" alt=\"\" title=\"\" loading=\"lazy\" \/><\/figure>\n\n\n\n<figure class=\"wp-block-image\"><img decoding=\"async\" src=\"https:\/\/ublikgreen.pl\/files\/dynamicContent\/sites\/jioucq\/images\/pl\/webpage_6\/kzwe3vk6\/element_692\/2.webp\" alt=\"\" title=\"\" loading=\"lazy\" \/><\/figure>\n\n\n\n<figure class=\"wp-block-image\"><img decoding=\"async\" src=\"https:\/\/ublikgreen.pl\/files\/dynamicContent\/sites\/jioucq\/images\/pl\/webpage_6\/kzwe3vk6\/element_693\/3.webp\" alt=\"\" title=\"\" loading=\"lazy\" \/><\/figure>\n<\/div>\n\n\n\n<h3 class=\"wp-block-heading\"><strong><br><br><strong>Wasseranlegestelle<\/strong><\/strong><\/h3>\n\n\n\n<p><strong>\u201eEurop\u00e4ischer Landwirtschaftsfonds f\u00fcr die Entwicklung des l\u00e4ndlichen Raums: Europa investiert in l\u00e4ndliche Gebiete\u201c<\/strong><\/p>\n\n\n\n<p>Das Vorhaben mit dem Ziel <strong>\u201eErrichtung einer neuen touristischen Infrastruktur \u2013 einer Wasseranlegestelle in Ublik am Buwe\u0142no-See und deren nichtkommerzielle Nutzung durch Touristen und die lokale Bev\u00f6lkerung\u201c<\/strong> wird aus Mitteln der Europ\u00e4ischen Union im Rahmen der Ma\u00dfnahme <strong>\u201eUnterst\u00fctzung f\u00fcr die lokale Entwicklung im Rahmen der LEADER-Initiative\u201c<\/strong> des Programms zur Entwicklung des l\u00e4ndlichen Raums f\u00fcr die Jahre 2014\u20132020 kofinanziert.<\/p>\n\n\n\n<p><strong>Ergebnis des Vorhabens:<\/strong><\/p>\n\n\n\n<p>\u201eVerbesserung der Wettbewerbsf\u00e4higkeit des Gebiets als Ort f\u00fcr Erholung, wirtschaftliche T\u00e4tigkeit und Wohnen\u201c<\/p>\n\n\n\n<p>F\u00f6rdervertrag Nr. 00499-6935-UM1410766\/18 vom 29.11.2018<\/p>\n\n\n\n<p>Das Projekt umfasste den Bau einer \u00f6ffentlich zug\u00e4nglichen Wasseranlegestelle in der Ortschaft Ublik am Buwe\u0142no-See durch ein Unternehmen, das auf den Bau von Stegen spezialisiert ist. Die Ma\u00dfnahme wurde auf dem Grundst\u00fcck Nr. 77\/2 am Buwe\u0142no-See, Gemarkung Ublik, Gemeinde Orzysz, auf der H\u00f6he des Grundst\u00fccks Nr. 1\/3, Gemarkung Ublik, Gemeinde Orzysz, Landkreis Pisz, Woiwodschaft Ermland-Masuren durchgef\u00fchrt.<\/p>\n\n\n\n<p>Die Anlegestelle dient der Erholung und Freizeitgestaltung. Das Ziel des Vorhabens \u2013 die Entwicklung von Infrastruktur zur Befriedigung der Bed\u00fcrfnisse der lokalen Bev\u00f6lkerung und von Touristen \u2013 wurde durch den Bau der Anlegestelle und deren Bereitstellung f\u00fcr alle Nutzer, insbesondere in der Fr\u00fchjahrs- und Sommersaison, erreicht.<\/p>\n\n\n\n<hr class=\"wp-block-separator has-alpha-channel-opacity\"\/>\n\n\n\n<h3 class=\"wp-block-heading\"><strong>NUTZUNGSORDNUNG F\u00dcR DEN \u00d6FFENTLICHEN SCHWIMMSTEIG<\/strong><\/h3>\n\n\n\n<p>Der schwimmende Steg ist Eigentum von <strong>Pawe\u0142 Kaczmarek<\/strong> und befindet sich am Buwe\u0142no-See auf H\u00f6he der Adresse Ublik 17.<\/p>\n\n\n\n<p>Alle Personen, die sich auf dem Steg aufhalten, sind verpflichtet, sich mit dieser Ordnung vertraut zu machen und deren Bestimmungen einzuhalten.<\/p>\n\n\n\n<p>Die Nutzer des Stegs sowie Personen, die dessen Ausstattung besch\u00e4digen, tragen die volle materielle Verantwortung f\u00fcr verursachte Sch\u00e4den. F\u00fcr Minderj\u00e4hrige haften deren Eltern oder gesetzliche Vertreter.<\/p>\n\n\n\n<p>Das Mitbringen von Beh\u00e4ltern mit Gasen unter Druck, \u00e4tzenden Substanzen sowie das Verschmutzen des Stegs ist verboten.<\/p>\n\n\n\n<p>Das Befahren des Stegs mit Fahrr\u00e4dern, Mopeds, Motorr\u00e4dern, Quads sowie das Fahren mit Rollschuhen oder Skateboards ist untersagt.<\/p>\n\n\n\n<p>Das Mitbringen und der Konsum von Alkohol oder anderen berauschenden Mitteln auf dem Steg sind verboten.<\/p>\n\n\n\n<p>Personen, die unter dem Einfluss von Alkohol oder anderen berauschenden Mitteln stehen, d\u00fcrfen den Steg nicht benutzen.<\/p>\n\n\n\n<p>Das Schwimmen unter der Konstruktion des Stegs ist verboten.<\/p>\n\n\n\n<p>Kinder unter 12 Jahren d\u00fcrfen sich nur unter Aufsicht von Eltern oder einer vollj\u00e4hrigen Betreuungsperson auf dem Steg aufhalten.<\/p>\n\n\n\n<hr class=\"wp-block-separator has-alpha-channel-opacity\"\/>\n\n\n\n<h3 class=\"wp-block-heading\"><strong>Es ist verboten:<\/strong><\/h3>\n\n\n\n<ul class=\"wp-block-list\">\n<li>vom Steg ins Wasser zu springen<\/li>\n\n\n\n<li>auf dem Steg zu laufen<\/li>\n\n\n\n<li>die \u00f6ffentliche Ordnung zu st\u00f6ren<\/li>\n\n\n\n<li>Wasser, Steg oder Umgebung zu verschmutzen<\/li>\n\n\n\n<li>Gegenst\u00e4nde ins Wasser zu werfen<\/li>\n\n\n\n<li>auf dem Steg zu rauchen oder offenes Feuer zu benutzen<\/li>\n\n\n\n<li>Substanzen mitzubringen, die den Steg verunreinigen k\u00f6nnen<\/li>\n\n\n\n<li>in die Konstruktion des Stegs einzugreifen<\/li>\n<\/ul>\n\n\n\n<p>Angeln vom Steg ist erlaubt, darf jedoch die Nutzung durch andere Personen nicht einschr\u00e4nken. Angler sind nicht privilegiert.<\/p>\n\n\n\n<p>Personen, die gegen die \u00f6ffentliche Ordnung oder diese Vorschriften versto\u00dfen, werden vom Steg verwiesen.<\/p>\n\n\n\n<p>Der Eigent\u00fcmer des Stegs haftet nicht f\u00fcr Unf\u00e4lle oder Vorf\u00e4lle, die aus der Nichteinhaltung dieser Ordnung resultieren.<\/p>\n\n\n\n<hr class=\"wp-block-separator has-alpha-channel-opacity\"\/>\n\n\n\n<h3 class=\"wp-block-heading\"><strong>Notrufnummern:<\/strong><\/h3>\n\n\n\n<ul class=\"wp-block-list\">\n<li>Polizei \u2013 997<\/li>\n\n\n\n<li>Feuerwehr \u2013 998<\/li>\n\n\n\n<li>Rettungsdienst \u2013 999<\/li>\n\n\n\n<li>Notruf \u2013 112<\/li>\n<\/ul>\n","protected":false},"excerpt":{"rendered":"<p>Wasseranlegestelle \u201eEurop\u00e4ischer Landwirtschaftsfonds f\u00fcr die Entwicklung des l\u00e4ndlichen Raums: Europa investiert in l\u00e4ndliche Gebiete\u201c Das Vorhaben mit dem Ziel \u201eErrichtung einer neuen touristischen Infrastruktur \u2013 einer Wasseranlegestelle in Ublik am Buwe\u0142no-See und deren nichtkommerzielle Nutzung durch Touristen und die lokale Bev\u00f6lkerung\u201c wird aus Mitteln der Europ\u00e4ischen Union im Rahmen der Ma\u00dfnahme \u201eUnterst\u00fctzung f\u00fcr die lokale [&hellip;]<\/p>\n","protected":false},"author":1,"featured_media":0,"parent":0,"menu_order":0,"comment_status":"closed","ping_status":"closed","template":"","meta":{"footnotes":""},"class_list":["post-9553","page","type-page","status-publish","hentry"],"_links":{"self":[{"href":"https:\/\/ublikgreen.pl\/de\/wp-json\/wp\/v2\/pages\/9553","targetHints":{"allow":["GET"]}}],"collection":[{"href":"https:\/\/ublikgreen.pl\/de\/wp-json\/wp\/v2\/pages"}],"about":[{"href":"https:\/\/ublikgreen.pl\/de\/wp-json\/wp\/v2\/types\/page"}],"author":[{"embeddable":true,"href":"https:\/\/ublikgreen.pl\/de\/wp-json\/wp\/v2\/users\/1"}],"replies":[{"embeddable":true,"href":"https:\/\/ublikgreen.pl\/de\/wp-json\/wp\/v2\/comments?post=9553"}],"version-history":[{"count":0,"href":"https:\/\/ublikgreen.pl\/de\/wp-json\/wp\/v2\/pages\/9553\/revisions"}],"wp:attachment":[{"href":"https:\/\/ublikgreen.pl\/de\/wp-json\/wp\/v2\/media?parent=9553"}],"curies":[{"name":"wp","href":"https:\/\/api.w.org\/{rel}","templated":true}]}}