{"id":9313,"date":"2022-08-07T22:21:52","date_gmt":"2022-08-07T20:21:52","guid":{"rendered":"https:\/\/ublikgreen.pl\/co-zjesc\/"},"modified":"2026-03-30T09:32:03","modified_gmt":"2026-03-30T07:32:03","slug":"was-gibt-es-zu-essen","status":"publish","type":"page","link":"https:\/\/ublikgreen.pl\/de\/was-gibt-es-zu-essen\/","title":{"rendered":"Was gibt es zu essen?"},"content":{"rendered":"\n<h2 class=\"wp-block-heading\"><strong>Restaurants<\/strong><\/h2>\n\n\n\n<p><strong>Wir empfehlen nur Orte, die wir kennen und selbst oft besuchen. Auch Feinschmecker wissen sie zu sch\u00e4tzen.<\/strong><\/p>\n\n\n\n<p>Unsere Lieblingsorte sind die \u201eStara Ku\u017ania\u201c in Przykop, die \u201eBarka\u201c in Pra\u017cm\u00f3w, in Rydzewo: der portugiesische Food Truck \u201ePrato-Do Dia\u201c, die \u201eGospoda pod Czarnym \u0141ab\u0119dziem\u201c, \u201eT\u0142o dla Mew\u201c (Pizza aus dem Steinofen), Port-o-Wino, Ukrai\u0144ska, Stary M\u0142yn in Upa\u0142y, die Fischbraterei Ewa in Okart\u00f3w, Rybacz\u00f3wka in Bogaczewo. Etwas weiter entfernt, aber wirklich einen Besuch wert, sind S\u0142owicz\u00f3wka in Ukta, Ober\u017ca pod Psem in Kadzid\u0142owo und Potocki Ga\u0142kowo. Einige davon sind nur saisonal ge\u00f6ffnet, bitte informieren Sie sich auf der Website oder fragen Sie uns.<\/p>\n\n\n\n<p><strong><a href=\"http:\/\/www.starakuznia.com.pl\/index.php\/karczma\/\" data-type=\"link\" data-id=\"http:\/\/www.starakuznia.com.pl\/index.php\/karczma\/\">Gasthaus \u201eStara Ku\u017ania\u201c<\/a><\/strong> \u2013 Przykop 8,5 km \u2013 Belegte im Gault-Millau-F\u00fchrer den ersten Platz in Ermland und Masuren. Das einzige Restaurant in der Region, das 13 Punkte, also 2 Hauben, erhalten hat! Einzigartige Gerichte und eine einzigartige idyllische Atmosph\u00e4re: eine alte Scheune, eine Feuerstelle, auf der Fleisch und Fisch gegrillt werden. Man kann drinnen oder drau\u00dfen unter freiem Himmel essen.<\/p>\n\n\n\n<hr class=\"wp-block-separator has-alpha-channel-opacity\"\/>\n\n\n\n<p>Gasthaus \u201eStara Ku\u017ania\u201c \u2013 Przykop 8,5 km \u2013 Belegte im Gault-Millau-F\u00fchrer den ersten Platz in Ermland und Masuren. Das einzige Restaurant in der Region, das 13 Punkte, also 2 Hauben, erhalten hat! Einzigartige Gerichte und eine einzigartige idyllische Atmosph\u00e4re: eine alte Scheune, eine Feuerstelle, auf der Fleisch und Fisch gegrillt werden. Man kann drinnen oder drau\u00dfen unter freiem Himmel essen.<\/p>\n\n\n\n<hr class=\"wp-block-separator has-alpha-channel-opacity\"\/>\n\n\n\n<p>Ukrainisches Restaurant \u2013 \u201eSpichlerz u Tolka\u201c in Rydzewo (15 km) \u2013 k\u00f6stlich! Ukrainischer Borschtsch, Pielemieni, Teigtaschen mit Kirschen und vieles mehr! Neben ukrainischen Gerichten werden auch polnische Speisen serviert. In der Saison t\u00e4glich ge\u00f6ffnet, au\u00dferhalb der Saison von Freitag bis Sonntag.<\/p>\n\n\n\n<p><strong><a href=\"http:\/\/barka.com.pl\/pl\/witamy\/\" data-type=\"link\" data-id=\"http:\/\/barka.com.pl\/pl\/witamy\/\">Barka<\/a><\/strong> Pra\u017cmowo (19 km) \u2013 vom Gault &amp; Millau-F\u00fchrer ausgezeichnet. Ein au\u00dfergew\u00f6hnlicher Ort auf einem alten Hausboot auf dem Wasser! Aus der Website: \u201eReisen und unsere Wurzeln sind f\u00fcr uns die wichtigste Inspiration. Unsere Speisekarte ist eine Mischung aus polnischer, mediterraner und asiatischer K\u00fcche. Aufgrund unserer Lage sind wir ein eher ungezwungener Ort, der oft als \u201eSto\u00f3wka\u201c bezeichnet wird. Wir m\u00f6chten, dass Sie sich von unserer Liebe zu lokalen und saisonalen Produkten anstecken lassen.\u201c Saisonale \u00d6ffnungszeiten<\/p>\n\n\n\n<hr class=\"wp-block-separator has-alpha-channel-opacity\"\/>\n\n\n\n<p><strong>Rybacz\u00f3wka<\/strong> Bogaczewo 23 km \u2013 in Rybacz\u00f3wka mit Blick auf den See dreht sich alles um Fisch, der auf vielf\u00e4ltige Weise serviert wird \u2013 gebacken, gebraten, ger\u00e4uchert, mariniert \u2013 ohne Tiefk\u00fchlkost, Geschmacksverst\u00e4rker und Konservierungsstoffe, t\u00e4glich morgens bei den \u00f6rtlichen Fischern gekauft. Der Hit sind ganze Fische aus dem Ofen \u2013 Zander, St\u00f6r, Barsch, Forelle.<\/p>\n\n\n\n<hr class=\"wp-block-separator has-alpha-channel-opacity\"\/>\n\n\n\n<p><strong>Die alte M\u00fchle in Upa\u0142ty <\/strong>(19 km) \u2013 altpolnische und masurische Gerichte aus Produkten lokaler Bauern. Lecker und stimmungsvoll. Blick auf den See. Polnische K\u00fcche. Wir empfehlen Zander, Piroggen, Schweinekotelett, Bigos und Apfelpfannkuchen. Unglaubliche Auswahl an Lik\u00f6ren \u2013 Quitten-, Hartriegel-, Sanddorn-, Wei\u00dfer-Flieder- und Schwarze-Johannisbeer-Lik\u00f6r\u2026 <strong>Ganzj\u00e4hrig ge\u00f6ffnet<\/strong><\/p>\n\n\n\n<p><strong>Pepe &amp; Lola in Kozin <\/strong>\u2013 Pasta &amp; Pizza. Ein stimmungsvoller Ort. Gute K\u00fcche. Saisonale \u00d6ffnungszeiten<\/p>\n\n\n\n<hr class=\"wp-block-separator has-alpha-channel-opacity\"\/>\n\n\n\n<p><strong>S\u0142owicz\u00f3wka in Ukta, 42 km<\/strong> \u2013 Masuren hautnah. Wir lieben diesen Ort! Gerichte auf Basis lokaler, saisonaler Produkte.\u00a0Alles ist k\u00f6stlich! Ohne Ausnahme. Dazu noch eine tolle Atmosph\u00e4re. Und ganz nebenbei kann man nach Wojnowo an der Krutynia fahren, die orthodoxe Kirche der Altgl\u00e4ubigen besichtigen, den Wildpark in Kadzid\u0142owo besuchen oder die Pferdezucht der Familie Ferenstain. <strong>Ganzj\u00e4hrig ge\u00f6ffnet<\/strong><\/p>\n\n\n\n<p><strong><a href=\"https:\/\/www.zamekryn.pl\/kuchnia\/restauracja-mazury\" data-type=\"link\" data-id=\"https:\/\/www.zamekryn.pl\/kuchnia\/restauracja-mazury\">Das Schloss Ryn<\/a><\/strong>, der ehemalige Sitz des Komturs, in dem die Ordensritter Wild und Fisch aus den umliegenden W\u00e4ldern und Seen verspeisten, verpflichtet zu einem stilvollen Auftreten, das sich sowohl in der Raffinesse der Speisen als auch in der \u00e4u\u00dferst sorgf\u00e4ltigen Zubereitung widerspiegelt. Auszeichnung im Gault &amp; Millau<\/p>\n\n\n\n<p><strong><a href=\"http:\/\/www.oberzapodpsem.com.pl\/\" data-type=\"link\" data-id=\"http:\/\/www.oberzapodpsem.com.pl\/\">Die Gastst\u00e4tte \u201ePod Psem\u201c <\/a><\/strong>in Kadzid\u0142owo. Definitiv einer unserer Lieblingsorte. F\u00fcr die sehr gute K\u00fcche und das Flair einer alten masurischen H\u00fctte wurde es auch mit einem Gault-Millau-Hut ausgezeichnet. Platz zwei in Masuren \u2013 ganze 12,5 Punkte! Und gleich nebenan befindet sich der Wildtierpark, eine Attraktion f\u00fcr Kinder und nicht nur f\u00fcr sie. Ganzj\u00e4hrig ge\u00f6ffnet.<\/p>\n\n\n\n<hr class=\"wp-block-separator has-alpha-channel-opacity\"\/>\n\n\n\n<p><strong><a href=\"https:\/\/www.galkowo.pl\/restauracja\" data-type=\"link\" data-id=\"https:\/\/www.galkowo.pl\/restauracja\">Restaurant Ga\u0142kowo Potocki<\/a><\/strong> \u2013 ein historisches Jagdschloss, das vom Eigent\u00fcmer Aleksander Potocki versetzt und restauriert wurde. Tolle Atmosph\u00e4re, Kamin, Garten, Wiesen. Die K\u00fcche f\u00fchrt die kulinarische Tradition der \u201eKneipe bei den Targowiczans\u201c fort, die sich fr\u00fcher im Gest\u00fct der Familie Ferenstein befand. Die Spezialit\u00e4ten sind regionale Gerichte, die nach traditionellen Rezepten aus nat\u00fcrlichen und frischen Produkten zubereitet werden. In der N\u00e4he befindet sich das bekannte und befreundete Gest\u00fct in Ga\u0142k\u00f3w. Man kann sich f\u00fcr Ausritte anmelden \u2013 auf der Koppel oder im Gel\u00e4nde. <strong>Ganzj\u00e4hrig ge\u00f6ffnet.<\/strong> Au\u00dferhalb der Saison an Wochenenden.<\/p>\n\n\n\n<hr class=\"wp-block-separator has-alpha-channel-opacity\"\/>\n\n\n\n<p><strong><a href=\"http:\/\/www.gworek.pl\/restauracja\" data-type=\"link\" data-id=\"http:\/\/www.gworek.pl\/restauracja\">Gasthaus G\u0142odowo<\/a><\/strong> \u2013 Fisch! Zander in Butter mit Kapern, Hecht nach polnischer Art, Fischsuppen, Fisch-Tartar. Daneben befindet sich eine kleine Manufaktur mit Produkten, vor allem Fischprodukten, die auf lokalen Rezepten basieren.\u00a0 K\u00fcchenchef Mirek Gworek trat in vielen Kochsendungen auf und ver\u00f6ffentlichte das Buch \u201eMazurskie Specja\u0142y z Ryb\u201c (Masurische Fischspezialit\u00e4ten). Ein Kenner und Liebhaber der Masuren. \u00dcbrigens: Im nahegelegenen Nied\u017awiedzi R\u00f3g bietet sich ein wundersch\u00f6ner Blick auf den \u015aniardwy-See im Schutzgebiet der Piska-Heide. <strong>Saisonbetrieb<\/strong><\/p>\n\n\n\n<hr class=\"wp-block-separator has-alpha-channel-opacity\"\/>\n\n\n\n<p>Ich gebe offen zu, dass wir manchmal das Restaurant \u201e<strong>Toscana<\/strong>\u201c in Orzysz besuchen. Es unterscheidet sich stilistisch etwas von den anderen oben genannten Lokalen, aber die Suppen und einige Gerichte sind wirklich gut \u2013 diese nehmen wir meistens zum Mitnehmen. Die Pizza ist auch gut. Da in letzter Zeit mehr G\u00e4ste von der in der N\u00e4he stationierten US-Armee dort essen, hat sich die Qualit\u00e4t deutlich verbessert, der Besitzer gibt sich gro\u00dfe M\u00fche. Es ist in Ordnung und liegt in der N\u00e4he :-).<\/p>\n\n\n\n<figure class=\"wp-block-gallery has-nested-images columns-4 is-cropped wp-block-gallery-1 is-layout-flex wp-block-gallery-is-layout-flex\">\n<figure class=\"wp-block-image\"><img decoding=\"async\" src=\"https:\/\/ublikgreen.pl\/files\/dynamicContent\/sites\/jioucq\/images\/pl\/webpage_21\/kzwe3u75\/element_306\/0\/IMG_5521-2JPG.webp\" alt=\"\" title=\"IMG_5521 (2).JPG\" loading=\"lazy\" \/><\/figure>\n\n\n\n<figure class=\"wp-block-image\"><img decoding=\"async\" src=\"https:\/\/ublikgreen.pl\/files\/dynamicContent\/sites\/jioucq\/images\/pl\/webpage_21\/kzwe3u75\/element_306\/1\/IMG_7167JPG.webp\" alt=\"\" title=\"IMG_7167.JPG\" loading=\"lazy\" \/><\/figure>\n\n\n\n<figure class=\"wp-block-image is-resized\"><img decoding=\"async\" src=\"https:\/\/ublikgreen.pl\/files\/dynamicContent\/sites\/jioucq\/images\/pl\/webpage_21\/kzwe3u75\/element_306\/2\/IMG_5524JPG.webp\" alt=\"\" style=\"width:373px;height:280px\" title=\"IMG_5524.JPG\" loading=\"lazy\" \/><\/figure>\n\n\n\n<figure class=\"wp-block-image\"><img decoding=\"async\" src=\"https:\/\/ublikgreen.pl\/files\/dynamicContent\/sites\/jioucq\/images\/pl\/webpage_21\/kzwe3u75\/element_306\/3\/IMG_5523JPG.webp\" alt=\"\" title=\"IMG_5523.JPG\" loading=\"lazy\" \/><\/figure>\n<\/figure>\n","protected":false},"excerpt":{"rendered":"<p>Restaurants Wir empfehlen nur Orte, die wir kennen und selbst oft besuchen. Auch Feinschmecker wissen sie zu sch\u00e4tzen. Unsere Lieblingsorte sind die \u201eStara Ku\u017ania\u201c in Przykop, die \u201eBarka\u201c in Pra\u017cm\u00f3w, in Rydzewo: der portugiesische Food Truck \u201ePrato-Do Dia\u201c, die \u201eGospoda pod Czarnym \u0141ab\u0119dziem\u201c, \u201eT\u0142o dla Mew\u201c (Pizza aus dem Steinofen), Port-o-Wino, Ukrai\u0144ska, Stary M\u0142yn in [&hellip;]<\/p>\n","protected":false},"author":1,"featured_media":0,"parent":0,"menu_order":0,"comment_status":"closed","ping_status":"closed","template":"","meta":{"footnotes":""},"class_list":["post-9313","page","type-page","status-publish","hentry"],"_links":{"self":[{"href":"https:\/\/ublikgreen.pl\/de\/wp-json\/wp\/v2\/pages\/9313","targetHints":{"allow":["GET"]}}],"collection":[{"href":"https:\/\/ublikgreen.pl\/de\/wp-json\/wp\/v2\/pages"}],"about":[{"href":"https:\/\/ublikgreen.pl\/de\/wp-json\/wp\/v2\/types\/page"}],"author":[{"embeddable":true,"href":"https:\/\/ublikgreen.pl\/de\/wp-json\/wp\/v2\/users\/1"}],"replies":[{"embeddable":true,"href":"https:\/\/ublikgreen.pl\/de\/wp-json\/wp\/v2\/comments?post=9313"}],"version-history":[{"count":0,"href":"https:\/\/ublikgreen.pl\/de\/wp-json\/wp\/v2\/pages\/9313\/revisions"}],"wp:attachment":[{"href":"https:\/\/ublikgreen.pl\/de\/wp-json\/wp\/v2\/media?parent=9313"}],"curies":[{"name":"wp","href":"https:\/\/api.w.org\/{rel}","templated":true}]}}