{"id":5150,"date":"2022-09-20T10:23:46","date_gmt":"2022-09-20T08:23:46","guid":{"rendered":"https:\/\/ublikgreen.pl\/?page_id=5150"},"modified":"2026-03-30T13:14:55","modified_gmt":"2026-03-30T11:14:55","slug":"restaurants","status":"publish","type":"page","link":"https:\/\/ublikgreen.pl\/de\/restaurants\/","title":{"rendered":"Restaurants"},"content":{"rendered":"\n<div class=\"wp-block-columns is-layout-flex wp-container-core-columns-is-layout-9d6595d7 wp-block-columns-is-layout-flex\">\n<div class=\"wp-block-column is-vertically-aligned-center is-layout-flow wp-block-column-is-layout-flow\">\n<h4 class=\"wp-block-heading\"><strong>Wir empfehlen nur Restaurants, die wir kennen und selbst oft besuchen.<\/strong><\/h4>\n\n\n\n<p>Unsere Lieblingsorte sind<\/p>\n\n\n\n<p><\/p>\n\n\n\n<ul class=\"wp-block-list\">\n<li>Stara Ku\u017ania, Przykop, ok. 9 km (saisonal)<\/li>\n\n\n\n<li>Barka, Pra\u017cmowo (sezonowa), ok. 19 km  <\/li>\n\n\n\n<li>Gospodarstwo Rybackie \u015aniardwy &#8211; Sma\u017calnia Ewa, Okartowo, ok. 8 km (saisonal)<\/li>\n\n\n\n<li>Stary M\u0142yn, Upa\u0142ty, ok 19 km, (ganzj\u00e4hrig)<\/li>\n\n\n\n<li>Gospoda Pod Czarnym \u0141ab\u0119dziem, Rydzewo, ok. 16 km (ganzj\u00e4hrig)<\/li>\n\n\n\n<li>Prato Do Dia portugalski food track, Rydzewo, ok. 16 km (saisonal)<\/li>\n\n\n\n<li>Spichlerz u Tolka, polsko-ukrainska, Rydzewo, ok. 16 km (saisonal)<\/li>\n\n\n\n<li>T\u0142o Dla Mew, Rydzewo, ok. 16 km (saisonal)<\/li>\n\n\n\n<li>Port-o-Wino, Rydzewo, ok. 16 km (saisonal)<\/li>\n\n\n\n<li>Rybacz\u00f3wka, Bogaczewo, ok. 23 km (ganzj\u00e4hrig)<\/li>\n\n\n\n<li>S\u0142owicz\u00f3wka, Ukta, ok 39 km (ganzj\u00e4hrig)<\/li>\n\n\n\n<li>Ober\u017ca Pod Psem, Kadzid\u0142owo, ok. 37 km (ganzj\u00e4hrig)<\/li>\n\n\n\n<li>Ga\u0142kowo Potocki, Ga\u0142kowo, ok 42 km (ganzj\u00e4hrig)<\/li>\n\n\n\n<li>Toscana, Orzysz, ok. 10 km (ganzj\u00e4hrig)<\/li>\n<\/ul>\n<\/div>\n<\/div>\n\n\n\n<div class=\"wp-block-group has-background\" style=\"background-color:#4444440f\"><div class=\"wp-block-group__inner-container is-layout-flow wp-block-group-is-layout-flow\">\n<div class=\"wp-block-media-text is-stacked-on-mobile\"><figure class=\"wp-block-media-text__media\"><img loading=\"lazy\" decoding=\"async\" width=\"768\" height=\"1024\" src=\"https:\/\/ublikgreen.pl\/content\/files\/uploads\/2024\/06\/stara-kuz7-768x1024.jpg\" alt=\"\" class=\"wp-image-1688 size-full\" srcset=\"https:\/\/ublikgreen.pl\/content\/files\/uploads\/2024\/06\/stara-kuz7-768x1024.jpg 768w, https:\/\/ublikgreen.pl\/content\/files\/uploads\/2024\/06\/stara-kuz7-225x300.jpg 225w, https:\/\/ublikgreen.pl\/content\/files\/uploads\/2024\/06\/stara-kuz7-1152x1536.jpg 1152w, https:\/\/ublikgreen.pl\/content\/files\/uploads\/2024\/06\/stara-kuz7-1536x2048.jpg 1536w, https:\/\/ublikgreen.pl\/content\/files\/uploads\/2024\/06\/stara-kuz7-scaled.jpg 810w\" sizes=\"auto, (max-width: 768px) 100vw, 768px\" \/><\/figure><div class=\"wp-block-media-text__content\">\n<h4 class=\"wp-block-heading\">Stara Ku\u017ania <\/h4>\n\n\n\n<p>Es belegte im Gault &amp; Millau-F\u00fchrer (Gelber F\u00fchrer) den ersten Platz in Ermland und Masuren. Das einzige Restaurant in der Region, das 13 Punkte, also 2 H\u00fcte, erhalten hat! Stara Ku\u017ania bietet nicht nur Gaumenfreuden. Die einzigartige Atmosph\u00e4re einer alten Scheune, eine Feuerstelle zum Grillen und eine wundersch\u00f6ne, idyllische Umgebung. Man kann drinnen und im Freien essen. Wir empfehlen eine vorherige Reservierung.<\/p>\n<\/div><\/div>\n<\/div><\/div>\n\n\n\n<hr class=\"wp-block-separator has-alpha-channel-opacity\"\/>\n\n\n\n<div class=\"wp-block-media-text alignwide has-media-on-the-right is-stacked-on-mobile is-vertically-aligned-center\"><div class=\"wp-block-media-text__content\">\n<h4 class=\"wp-block-heading\"><strong>Gospoda Pod Czarnym \u0141ab\u0119dziem<\/strong>&nbsp;<\/h4>\n\n\n\n<p>Direkt am See. Mitglied des Netzwerks \u201eKulinarisches Erbe von Warmia, Masuren und Powi\u015ble\u201c. Ausgezeichnet im Gault&amp;Millau-F\u00fchrer 2019. Es vereint die Funktionen eines Restaurants und eines Museums, wo man bei Kerz- und Petroleumlampenlicht, inmitten von alten Ger\u00e4ten, Fischernetzen und Schilf\u00a0Die Atmosph\u00e4re einer alten preu\u00dfischen Gastst\u00e4tte von vor \u00fcber 100 Jahren. Regionale K\u00fcche, Spezialit\u00e4ten der polnischen, preu\u00dfischen und litauischen K\u00fcche. Traditionell, stimmungsvoll, lecker und dazu noch am Seeufer. Bei sch\u00f6nem Wetter kann man auf dem Steg mit Blick auf den gem\u00fctlichen Hafen essen.<\/p>\n<\/div><figure class=\"wp-block-media-text__media\"><img loading=\"lazy\" decoding=\"async\" width=\"768\" height=\"1024\" src=\"https:\/\/ublikgreen.pl\/content\/files\/uploads\/2024\/06\/labedz-768x1024.jpg\" alt=\"\" class=\"wp-image-1693 size-full\" srcset=\"https:\/\/ublikgreen.pl\/content\/files\/uploads\/2024\/06\/labedz-768x1024.jpg 768w, https:\/\/ublikgreen.pl\/content\/files\/uploads\/2024\/06\/labedz-225x300.jpg 225w, https:\/\/ublikgreen.pl\/content\/files\/uploads\/2024\/06\/labedz-1152x1536.jpg 1152w, https:\/\/ublikgreen.pl\/content\/files\/uploads\/2024\/06\/labedz-1536x2048.jpg 1536w, https:\/\/ublikgreen.pl\/content\/files\/uploads\/2024\/06\/labedz-scaled.jpg 810w\" sizes=\"auto, (max-width: 768px) 100vw, 768px\" \/><\/figure><\/div>\n\n\n\n<div class=\"wp-block-group has-background\" style=\"background-color:#4444440f\"><div class=\"wp-block-group__inner-container is-layout-flow wp-block-group-is-layout-flow\">\n<div class=\"wp-block-media-text is-stacked-on-mobile\"><figure class=\"wp-block-media-text__media\"><img loading=\"lazy\" decoding=\"async\" width=\"768\" height=\"1024\" src=\"https:\/\/ublikgreen.pl\/content\/files\/uploads\/2024\/06\/barka-768x1024.jpg\" alt=\"\" class=\"wp-image-1678 size-full\" srcset=\"https:\/\/ublikgreen.pl\/content\/files\/uploads\/2024\/06\/barka-768x1024.jpg 768w, https:\/\/ublikgreen.pl\/content\/files\/uploads\/2024\/06\/barka-225x300.jpg 225w, https:\/\/ublikgreen.pl\/content\/files\/uploads\/2024\/06\/barka-1152x1536.jpg 1152w, https:\/\/ublikgreen.pl\/content\/files\/uploads\/2024\/06\/barka-1536x2048.jpg 1536w, https:\/\/ublikgreen.pl\/content\/files\/uploads\/2024\/06\/barka-scaled.jpg 810w\" sizes=\"auto, (max-width: 768px) 100vw, 768px\" \/><\/figure><div class=\"wp-block-media-text__content\">\n<h4 class=\"wp-block-heading\">Barka<\/h4>\n\n\n\n<p>Was f\u00fcr ein Ort! Auch vom Gault &amp; Millau-F\u00fchrer ausgezeichnet. Eine einzigartige Atmosph\u00e4re auf einem alten Hausboot auf dem Wasser! Aus der Website: \u201eReisen und unsere Wurzeln sind f\u00fcr uns die wichtigste Inspiration. Unsere Speisekarte ist eine Mischung aus polnischer, mediterraner und asiatischer K\u00fcche.<br>Aufgrund unserer Lage sind wir ein eher ungezwungener Ort, der oft als \u201eSto\u00f3wka\u201c bezeichnet wird. Wir m\u00f6chten, dass Sie sich von unserer Liebe zu lokalen und saisonalen Produkten anstecken lassen.<\/p>\n\n\n\n<p><\/p>\n<\/div><\/div>\n<\/div><\/div>\n\n\n\n<hr class=\"wp-block-separator has-alpha-channel-opacity\"\/>\n\n\n\n<div class=\"wp-block-media-text alignwide has-media-on-the-right is-stacked-on-mobile\"><div class=\"wp-block-media-text__content\">\n<h4 class=\"wp-block-heading\"><strong>Rybacz\u00f3wka<\/strong>&nbsp;<\/h4>\n\n\n\n<p>Am Seeufer. Man kann auf der Terrasse mit Blick auf die Segelboote oder direkt am Wasser Platz nehmen. In der \u201eRybacz\u00f3wka\u201c dreht sich alles um Fisch, der auf vielf\u00e4ltige Weise serviert wird \u2013 gebacken, gebraten, ger\u00e4uchert, mariniert \u2013 ohne Tiefk\u00fchlkost, Geschmacksverst\u00e4rker und Konservierungsstoffe, t\u00e4glich morgens bei den \u00f6rtlichen Fischern gekauft. Der Hit sind ganze Fische aus dem Ofen \u2013 Zander, St\u00f6r, Barsch, Forelle.<\/p>\n<\/div><figure class=\"wp-block-media-text__media\"><img loading=\"lazy\" decoding=\"async\" width=\"768\" height=\"1024\" src=\"https:\/\/ublikgreen.pl\/content\/files\/uploads\/2024\/06\/rybacz-768x1024.jpg\" alt=\"\" class=\"wp-image-1686 size-full\" srcset=\"https:\/\/ublikgreen.pl\/content\/files\/uploads\/2024\/06\/rybacz-768x1024.jpg 768w, https:\/\/ublikgreen.pl\/content\/files\/uploads\/2024\/06\/rybacz-225x300.jpg 225w, https:\/\/ublikgreen.pl\/content\/files\/uploads\/2024\/06\/rybacz-1152x1536.jpg 1152w, https:\/\/ublikgreen.pl\/content\/files\/uploads\/2024\/06\/rybacz-1536x2048.jpg 1536w, https:\/\/ublikgreen.pl\/content\/files\/uploads\/2024\/06\/rybacz-scaled.jpg 810w\" sizes=\"auto, (max-width: 768px) 100vw, 768px\" \/><\/figure><\/div>\n\n\n\n<hr class=\"wp-block-separator has-alpha-channel-opacity\"\/>\n\n\n\n<div class=\"wp-block-group has-background\" style=\"background-color:#4444440f\"><div class=\"wp-block-group__inner-container is-layout-flow wp-block-group-is-layout-flow\">\n<div class=\"wp-block-media-text is-stacked-on-mobile\"><figure class=\"wp-block-media-text__media\"><img loading=\"lazy\" decoding=\"async\" width=\"768\" height=\"1024\" src=\"https:\/\/ublikgreen.pl\/content\/files\/uploads\/2024\/06\/mlyn-768x1024.jpg\" alt=\"\" class=\"wp-image-1677 size-full\" srcset=\"https:\/\/ublikgreen.pl\/content\/files\/uploads\/2024\/06\/mlyn-768x1024.jpg 768w, https:\/\/ublikgreen.pl\/content\/files\/uploads\/2024\/06\/mlyn-225x300.jpg 225w, https:\/\/ublikgreen.pl\/content\/files\/uploads\/2024\/06\/mlyn-1152x1536.jpg 1152w, https:\/\/ublikgreen.pl\/content\/files\/uploads\/2024\/06\/mlyn-1536x2048.jpg 1536w, https:\/\/ublikgreen.pl\/content\/files\/uploads\/2024\/06\/mlyn-scaled.jpg 810w\" sizes=\"auto, (max-width: 768px) 100vw, 768px\" \/><\/figure><div class=\"wp-block-media-text__content\">\n<h4 class=\"wp-block-heading\">Karczma <strong>Stary M\u0142yn<\/strong> <\/h4>\n\n\n\n<p>Ein stimmungsvolles Restaurant in Upa\u0142ty mit Blick auf den See. Traditionelle Gerichte aus der alten polnischen K\u00fcche und der Masuren-Region, zubereitet aus Produkten lokaler Bauern. Zander, Schweinekotelett, Schweinefilet, Piroggen, regionale Kartoffelpl\u00e4tzchen und gef\u00fcllte Teigtaschen. K\u00f6stliche hausgemachte Lik\u00f6re. Gleichbleibend gute Qualit\u00e4t. Wir sind oft hier, besonders au\u00dferhalb der Saison.<\/p>\n<\/div><\/div>\n<\/div><\/div>\n\n\n\n<hr class=\"wp-block-separator has-alpha-channel-opacity\"\/>\n\n\n\n<div class=\"wp-block-media-text alignwide has-media-on-the-right is-stacked-on-mobile\"><div class=\"wp-block-media-text__content\">\n<h4 class=\"wp-block-heading\"><strong>S\u0142owicz\u00f3wka<\/strong>&nbsp;<\/h4>\n\n\n\n<p>Wir lieben es. Masuren aus der K\u00fcche \u2013 also die masurische K\u00fcche von ihrer besten Seite. Gerichte auf der Basis lokaler, saisonaler Produkte.\u00a0K\u00f6stlich und hausgemacht. Leber, Blutwurst, \u201e\u0141upki-Chrupki\u201c, Ente, Schleie, \u201eLeniwe\u201c-Nudeln\u2026 und auch f\u00fcr Vegetarier ist etwas dabei. Alles, ohne Ausnahme, ist sehr lecker. Abgerundet wird das Ganze durch ein stimmungsvolles, gem\u00fctliches Interieur. Wir sind wirklich oft hier. Etwas weiter weg von Ublik, aber bei der Gelegenheit kann man den Wildpark in Kadzid\u0142owo besuchen oder eine Kanufahrt auf der Krutynia organisieren (Start direkt bei S\u0142owicz\u00f3wka) oder das Altgl\u00e4ubigenkloster in Wojnow besuchen. Auch das ber\u00fchmte Gest\u00fct in Ga\u0142k\u00f3w ist nicht weit entfernt.<\/p>\n<\/div><figure class=\"wp-block-media-text__media\"><img loading=\"lazy\" decoding=\"async\" width=\"1024\" height=\"768\" src=\"https:\/\/ublikgreen.pl\/content\/files\/uploads\/2024\/06\/slowiczowka-1024x768.jpg\" alt=\"\" class=\"wp-image-1674 size-full\" srcset=\"https:\/\/ublikgreen.pl\/content\/files\/uploads\/2024\/06\/slowiczowka-1024x768.jpg 1024w, https:\/\/ublikgreen.pl\/content\/files\/uploads\/2024\/06\/slowiczowka-300x225.jpg 300w, https:\/\/ublikgreen.pl\/content\/files\/uploads\/2024\/06\/slowiczowka-768x576.jpg 768w, https:\/\/ublikgreen.pl\/content\/files\/uploads\/2024\/06\/slowiczowka-1536x1152.jpg 1536w, https:\/\/ublikgreen.pl\/content\/files\/uploads\/2024\/06\/slowiczowka-2048x1536.jpg 2048w, https:\/\/ublikgreen.pl\/content\/files\/uploads\/2024\/06\/slowiczowka-scaled.jpg 1440w\" sizes=\"auto, (max-width: 1024px) 100vw, 1024px\" \/><\/figure><\/div>\n\n\n\n<hr class=\"wp-block-separator has-alpha-channel-opacity is-style-dots\"\/>\n\n\n\n<div class=\"wp-block-group has-background\" style=\"background-color:#4444440f\"><div class=\"wp-block-group__inner-container is-layout-flow wp-block-group-is-layout-flow\">\n<div class=\"wp-block-media-text is-stacked-on-mobile\"><figure class=\"wp-block-media-text__media\"><img loading=\"lazy\" decoding=\"async\" width=\"480\" height=\"640\" src=\"https:\/\/ublikgreen.pl\/content\/files\/uploads\/2024\/06\/prato-rotated.jpg\" alt=\"\" class=\"wp-image-1682 size-full\" srcset=\"https:\/\/ublikgreen.pl\/content\/files\/uploads\/2024\/06\/prato-rotated.jpg 480w, https:\/\/ublikgreen.pl\/content\/files\/uploads\/2024\/06\/prato-225x300.jpg 225w\" sizes=\"auto, (max-width: 480px) 100vw, 480px\" \/><\/figure><div class=\"wp-block-media-text__content\">\n<h4 class=\"wp-block-heading\">Prato Do Dia<\/h4>\n\n\n\n<p>Ein portugiesischer Food-Truck in Masuren. Was f\u00fcr eine Kombination! Eine Fusion aus masurischem Flair und authentischer portugiesischer K\u00fcche. Gekocht wird von einem geb\u00fcrtigen Portugiesen. Auf der Speisekarte stehen: Bifana, Tintenfisch \u00e0 la Gareiro, Meeresfr\u00fcchte-Tapas \u2026 und zum Nachtisch die herrlich leckeren, traditionellen Past\u00e9is de Nata.<\/p>\n<\/div><\/div>\n<\/div><\/div>\n\n\n\n<hr class=\"wp-block-separator has-alpha-channel-opacity\"\/>\n\n\n\n<div class=\"wp-block-media-text alignwide has-media-on-the-right is-stacked-on-mobile\"><div class=\"wp-block-media-text__content\">\n<h4 class=\"wp-block-heading\">Ober\u017ca Pod Psem<\/h4>\n\n\n\n<p>Dieser Ort ist bereits Kult und zugleich einer unserer Favoriten. Die Taverne befindet sich in einer fast 100 Jahre alten, denkmalgesch\u00fctzten Holzh\u00fctte. Trotz der gr\u00f6\u00dferen Entfernung kommen wir oft hierher \u2013 wegen der sehr guten K\u00fcche und der Atmosph\u00e4re. Das Restaurant wurde mit einem Gault-Millau-Hut ausgezeichnet. Der zweite Platz in Masuren \u2013 ganze 12,5 Punkte! Gleich nebenan befindet sich ein kleines, von den Besitzern gef\u00fchrtes Museum \u2013 eine masurische Arkadenh\u00fctte \u2013 sowie der Wildpark in Kadzid\u0142owo, der einen Besuch mit Kindern wert ist. Nicht weit entfernt: Kanufahrten auf der Krutynia (Ukta), das Kloster der Altgl\u00e4ubigen in Wojnowo. Wir empfehlen eine fr\u00fchzeitige Reservierung.<\/p>\n<\/div><figure class=\"wp-block-media-text__media\"><img loading=\"lazy\" decoding=\"async\" width=\"768\" height=\"1024\" src=\"https:\/\/ublikgreen.pl\/content\/files\/uploads\/2024\/06\/oberza1-768x1024.jpg\" alt=\"\" class=\"wp-image-1681 size-full\" srcset=\"https:\/\/ublikgreen.pl\/content\/files\/uploads\/2024\/06\/oberza1-768x1024.jpg 768w, https:\/\/ublikgreen.pl\/content\/files\/uploads\/2024\/06\/oberza1-225x300.jpg 225w, https:\/\/ublikgreen.pl\/content\/files\/uploads\/2024\/06\/oberza1-1152x1536.jpg 1152w, https:\/\/ublikgreen.pl\/content\/files\/uploads\/2024\/06\/oberza1-1536x2048.jpg 1536w, https:\/\/ublikgreen.pl\/content\/files\/uploads\/2024\/06\/oberza1-scaled.jpg 810w\" sizes=\"auto, (max-width: 768px) 100vw, 768px\" \/><\/figure><\/div>\n\n\n\n<hr class=\"wp-block-separator has-alpha-channel-opacity\"\/>\n\n\n\n<div class=\"wp-block-group has-background\" style=\"background-color:#4444440f\"><div class=\"wp-block-group__inner-container is-layout-flow wp-block-group-is-layout-flow\">\n<div class=\"wp-block-media-text is-stacked-on-mobile\"><figure class=\"wp-block-media-text__media\"><img loading=\"lazy\" decoding=\"async\" width=\"768\" height=\"1024\" src=\"https:\/\/ublikgreen.pl\/content\/files\/uploads\/2024\/07\/smazalnia-ewa-768x1024.jpg\" alt=\"\" class=\"wp-image-1706 size-full\" srcset=\"https:\/\/ublikgreen.pl\/content\/files\/uploads\/2024\/07\/smazalnia-ewa-768x1024.jpg 768w, https:\/\/ublikgreen.pl\/content\/files\/uploads\/2024\/07\/smazalnia-ewa-225x300.jpg 225w, https:\/\/ublikgreen.pl\/content\/files\/uploads\/2024\/07\/smazalnia-ewa-1152x1536.jpg 1152w, https:\/\/ublikgreen.pl\/content\/files\/uploads\/2024\/07\/smazalnia-ewa-1536x2048.jpg 1536w, https:\/\/ublikgreen.pl\/content\/files\/uploads\/2024\/07\/smazalnia-ewa-scaled.jpg 810w\" sizes=\"auto, (max-width: 768px) 100vw, 768px\" \/><\/figure><div class=\"wp-block-media-text__content\">\n<h4 class=\"wp-block-heading\">Gospodarstwo Rybackie &#8222;\u015aniardwy&#8220;, Sma\u017calnia Ryb Ewa<\/h4>\n\n\n\n<p>Frisch gebratener Fisch nach Fish-and-Chips-Art, direkt von der Fischzuchtanlage gleich nebenan (siehe Foto).<\/p>\n\n\n\n<p>Bestellungen mit einer Nummer werden \u00fcber das Mikrofon aufgerufen. Old-School-Flair, ganz im Urlaubsstil \ud83d\ude42<\/p>\n<\/div><\/div>\n<\/div><\/div>\n\n\n\n<hr class=\"wp-block-separator has-alpha-channel-opacity\"\/>\n\n\n\n<div class=\"wp-block-media-text alignwide has-media-on-the-right is-stacked-on-mobile\"><div class=\"wp-block-media-text__content\">\n<h4 class=\"wp-block-heading\">Porto-o-Wino&nbsp;<\/h4>\n\n\n\n<p>Hafen, Restaurant, Weinbar. Ein Besuch bei Sonnenuntergang lohnt sich \u2013 entspannte Atmosph\u00e4re mit Blick auf den Yachthafen am Niegocin-See. Gro\u00dfe Auswahl an Getr\u00e4nken und Weinen, aber man kann hier auch sehr gut essen \u2013 italienische Gerichte, Sushi und ein Kindermen\u00fc.<\/p>\n<\/div><figure class=\"wp-block-media-text__media\"><img loading=\"lazy\" decoding=\"async\" width=\"768\" height=\"1024\" src=\"https:\/\/ublikgreen.pl\/content\/files\/uploads\/2024\/06\/portwino2-768x1024.jpg\" alt=\"\" class=\"wp-image-1698 size-full\" srcset=\"https:\/\/ublikgreen.pl\/content\/files\/uploads\/2024\/06\/portwino2-768x1024.jpg 768w, https:\/\/ublikgreen.pl\/content\/files\/uploads\/2024\/06\/portwino2-225x300.jpg 225w, https:\/\/ublikgreen.pl\/content\/files\/uploads\/2024\/06\/portwino2-1152x1536.jpg 1152w, https:\/\/ublikgreen.pl\/content\/files\/uploads\/2024\/06\/portwino2-1536x2048.jpg 1536w, https:\/\/ublikgreen.pl\/content\/files\/uploads\/2024\/06\/portwino2-scaled.jpg 810w\" sizes=\"auto, (max-width: 768px) 100vw, 768px\" \/><\/figure><\/div>\n\n\n\n<hr class=\"wp-block-separator has-alpha-channel-opacity\"\/>\n\n\n\n<div class=\"wp-block-group has-background\" style=\"background-color:#4444440f\"><div class=\"wp-block-group__inner-container is-layout-flow wp-block-group-is-layout-flow\">\n<div class=\"wp-block-media-text is-stacked-on-mobile\"><figure class=\"wp-block-media-text__media\"><img loading=\"lazy\" decoding=\"async\" width=\"768\" height=\"1024\" src=\"https:\/\/ublikgreen.pl\/content\/files\/uploads\/2024\/06\/tlo-768x1024.jpg\" alt=\"\" class=\"wp-image-1692 size-full\" srcset=\"https:\/\/ublikgreen.pl\/content\/files\/uploads\/2024\/06\/tlo-768x1024.jpg 768w, https:\/\/ublikgreen.pl\/content\/files\/uploads\/2024\/06\/tlo-225x300.jpg 225w, https:\/\/ublikgreen.pl\/content\/files\/uploads\/2024\/06\/tlo-1152x1536.jpg 1152w, https:\/\/ublikgreen.pl\/content\/files\/uploads\/2024\/06\/tlo-1536x2048.jpg 1536w, https:\/\/ublikgreen.pl\/content\/files\/uploads\/2024\/06\/tlo-scaled.jpg 810w\" sizes=\"auto, (max-width: 768px) 100vw, 768px\" \/><\/figure><div class=\"wp-block-media-text__content\">\n<h4 class=\"wp-block-heading\">Port T\u0142o dla Mew<\/h4>\n\n\n\n<p>Eine Taverne unter freiem Himmel mit herrlichem Blick auf den See. Die Speisekarte wechselt regelm\u00e4\u00dfig. Es gibt dort sehr gute Pizza aus dem Steinofen. Neben dem Essen ist im \u201eT\u0142o dla Mew\u201c viel los \u2013 Musik, Gesang, Auftritte. Sie bezeichnen sich selbst als \u201eHaus der Kunstschaffenden\u201c. Es lohnt sich, auf ihrer Facebook-Fanseite vorbeizuschauen, man kann ein cooles Event finden, vorbeischauen, etwas essen\u2026<\/p>\n\n\n\n<p>Einfach, lecker, gem\u00fctlich, maritim\u2026<\/p>\n<\/div><\/div>\n<\/div><\/div>\n\n\n\n<div class=\"wp-block-media-text alignwide has-media-on-the-right is-stacked-on-mobile\"><div class=\"wp-block-media-text__content\">\n<h4 class=\"wp-block-heading\">Spichlerz u Tolka<\/h4>\n\n\n\n<p>Ein polnisch-ukrainisches Restaurant. K\u00f6stlicher ukrainischer Borschtsch, Pelmeni und andere Teigtaschen, Forschmak nach Odessa-Art und vieles mehr. Sehr lecker. Ein Besuch lohnt sich.<\/p>\n<\/div><figure class=\"wp-block-media-text__media\"><img loading=\"lazy\" decoding=\"async\" width=\"768\" height=\"1024\" src=\"https:\/\/ublikgreen.pl\/content\/files\/uploads\/2024\/06\/ukrainska-768x1024.jpg\" alt=\"\" class=\"wp-image-1696 size-full\" srcset=\"https:\/\/ublikgreen.pl\/content\/files\/uploads\/2024\/06\/ukrainska-768x1024.jpg 768w, https:\/\/ublikgreen.pl\/content\/files\/uploads\/2024\/06\/ukrainska-225x300.jpg 225w, https:\/\/ublikgreen.pl\/content\/files\/uploads\/2024\/06\/ukrainska-1152x1536.jpg 1152w, https:\/\/ublikgreen.pl\/content\/files\/uploads\/2024\/06\/ukrainska-1536x2048.jpg 1536w, https:\/\/ublikgreen.pl\/content\/files\/uploads\/2024\/06\/ukrainska-scaled.jpg 810w\" sizes=\"auto, (max-width: 768px) 100vw, 768px\" \/><\/figure><\/div>\n","protected":false},"excerpt":{"rendered":"<p>Wir empfehlen nur Restaurants, die wir kennen und selbst oft besuchen. Unsere Lieblingsorte sind Stara Ku\u017ania Es belegte im Gault &amp; Millau-F\u00fchrer (Gelber F\u00fchrer) den ersten Platz in Ermland und Masuren. Das einzige Restaurant in der Region, das 13 Punkte, also 2 H\u00fcte, erhalten hat! Stara Ku\u017ania bietet nicht nur Gaumenfreuden. Die einzigartige Atmosph\u00e4re einer [&hellip;]<\/p>\n","protected":false},"author":1,"featured_media":0,"parent":0,"menu_order":0,"comment_status":"closed","ping_status":"closed","template":"","meta":{"footnotes":""},"class_list":["post-5150","page","type-page","status-publish","hentry"],"_links":{"self":[{"href":"https:\/\/ublikgreen.pl\/de\/wp-json\/wp\/v2\/pages\/5150","targetHints":{"allow":["GET"]}}],"collection":[{"href":"https:\/\/ublikgreen.pl\/de\/wp-json\/wp\/v2\/pages"}],"about":[{"href":"https:\/\/ublikgreen.pl\/de\/wp-json\/wp\/v2\/types\/page"}],"author":[{"embeddable":true,"href":"https:\/\/ublikgreen.pl\/de\/wp-json\/wp\/v2\/users\/1"}],"replies":[{"embeddable":true,"href":"https:\/\/ublikgreen.pl\/de\/wp-json\/wp\/v2\/comments?post=5150"}],"version-history":[{"count":0,"href":"https:\/\/ublikgreen.pl\/de\/wp-json\/wp\/v2\/pages\/5150\/revisions"}],"wp:attachment":[{"href":"https:\/\/ublikgreen.pl\/de\/wp-json\/wp\/v2\/media?parent=5150"}],"curies":[{"name":"wp","href":"https:\/\/api.w.org\/{rel}","templated":true}]}}